{"id":9323,"date":"2020-01-27T17:01:37","date_gmt":"2020-01-27T16:01:37","guid":{"rendered":"http:\/\/eqc-gmbh.com\/imprint\/"},"modified":"2022-07-25T21:06:54","modified_gmt":"2022-07-25T19:06:54","slug":"imprint","status":"publish","type":"page","link":"https:\/\/eqc-gmbh.com\/en\/imprint\/","title":{"rendered":"Imprint"},"content":{"rendered":"<p>[et_pb_section fb_built=\u201c1\u201d _builder_version=\u201c3.29.3\u201d fb_built=\u201c1\u201d _i=\u201c0\u201d _address=\u201c0\u201d][et_pb_row _builder_version=\u201c3.29.3\u201d _i=\u201c0\u201d _address=\u201c0.0\u201d][et_pb_column type=\u201c4_4\u201d _builder_version=\u201c3.29.3\u201d _i=\u201c0\u201d _address=\u201c0.0.0\u201d][et_pb_text _builder_version=\u201c3.29.3\u201d header_2_text_color=\u201c#000000\u201d header_4_text_color=\u201c#000000\u201d header_5_text_color=\u201c#000000\u201d _i=\u201c0\u201d _address=\u201c0.0.0.0\u201d]<\/p>\n<div class=\"page\" title=\"Page 2\">\n<div class=\"section\">\n<div class=\"layoutArea\">\n<div class=\"column\">\n<h2>Site Notice<\/h2>\n<h4>\nInformation pursuant to \u00a7 5&nbsp;TMG<\/h4>\n<p>Eco\u00adnom\u00adic Qual\u00adi\u00adty Con\u00adsult\u00ading&nbsp;GmbH<br>\n<span style=\"font-size: 16px;\">Sch\u00f6n\u00adle\u00adin\u00adstr.&nbsp;4<br>\n<\/span><span style=\"font-size: 16px;\">97080 W\u00fcrzburg<\/span><\/p>\n<p>Com\u00admer\u00adcial Reg\u00adis\u00adter: HRB 15428 Reg\u00adis\u00adtra\u00adtion court: Amts\u00adgericht W\u00fcrzburg<\/p>\n<p><strong>Rep\u00adre\u00adsent\u00aded&nbsp;by:<br>\n<\/strong><span style=\"font-size: 16px;\">Mike Helm\u00adchen<\/span><\/p>\n<p><strong>Con\u00adtact<br>\n<\/strong><span style=\"font-size: 16px;\">Phone: +49 (0) 176 \/ 34183410&nbsp;<\/span><br>\nE\u2011mail: info@eqc-gmbh.com<\/p>\n<p><strong>VAT ID<br>\n<\/strong><span style=\"font-size: 16px;\">Sales tax iden\u00adti\u00adfi\u00adca\u00adtion num\u00adber accord\u00ading to \u00a7 27 a of the Sales Tax Law: DE285738299<\/span><\/p>\n<p><strong>EU dis\u00adpute resolution<br>\n<\/strong><span style=\"font-size: 16px;\">The Euro\u00adpean Com\u00admis\u00adsion pro\u00advides a plat\u00adform for online dis\u00adpute res\u00ado\u00adlu\u00adtion (ODR):<\/span><span style=\"font-size: 16px;\">https:\/\/ec.europa.eu\/consumers\/odr<\/span><span style=\"font-size: 16px;\">.<\/span><\/p>\n<p>Our e\u2011mail address can be found above in the site notice.<br>\n<span style=\"font-size: 16px;\">We are not will\u00ading or oblig\u00aded to par\u00adtic\u00adi\u00adpate in dis\u00adpute res\u00ado\u00adlu\u00adtion pro\u00adceed\u00adings before a con\u00adsumer arbi\u00adtra\u00adtion&nbsp;board.<\/span><\/p>\n<p><strong>Lia\u00adbil\u00adi\u00adty for Contents<br>\n<\/strong><span style=\"font-size: 16px;\">As ser\u00advice providers, we are liable for own con\u00adtents of these web\u00adsites accord\u00ading to Para\u00adgraph 7, Sect. 1 Ger\u00adman Tele\u00adme\u00addia Act (TMG). How\u00adev\u00ader, accord\u00ading to Para\u00adgraphs 8 to 10 Ger\u00adman Tele\u00adme\u00addia Act (TMG), ser\u00advice providers are not oblig\u00adat\u00aded to per\u00adma\u00adnent\u00adly mon\u00adi\u00adtor sub\u00admit\u00adted or stored infor\u00adma\u00adtion or to search for&nbsp;<\/span><span style=\"font-size: 16px;\">evi\u00addences that indi\u00adcate ille\u00adgal activities.<\/span><\/p>\n<\/div>\n<\/div>\n<\/div>\n<\/div>\n<div class=\"page\" title=\"Page 3\">\n<div class=\"section\">\n<div class=\"layoutArea\">\n<div class=\"column\">\n<p>Legal oblig\u00ada\u00adtions to remov\u00ading infor\u00adma\u00adtion or to block\u00ading the use of infor\u00adma\u00adtion remain unchal\u00adlenged. In this case, lia\u00adbil\u00adi\u00adty is only pos\u00adsi\u00adble at the time of knowl\u00adedge about a spe\u00adcif\u00adic vio\u00adla\u00adtion of law. Ille\u00adgal con\u00adtents will be removed imme\u00addi\u00adate\u00adly at the time we get knowl\u00adedge of&nbsp;them.<\/p>\n<p><strong>Lia\u00adbil\u00adi\u00adty for&nbsp;Links<br>\n<\/strong><span style=\"font-size: 16px;\">Our offer includes links to exter\u00adnal third par\u00adty web\u00adsites. We have no influ\u00adence on the con\u00adtents of those web\u00adsites, there\u00adfore we can\u00adnot guar\u00adan\u00adtee for those con\u00adtents. Providers or admin\u00adis\u00adtra\u00adtors of linked web\u00adsites are always respon\u00adsi\u00adble for their own contents.<\/span><\/p>\n<p>The linked web\u00adsites had been checked for pos\u00adsi\u00adble vio\u00adla\u00adtions of law at the time of the estab\u00adlish\u00adment of the link. Ille\u00adgal con\u00adtents were not detect\u00aded at the time of the link\u00ading. A per\u00adma\u00adnent mon\u00adi\u00adtor\u00ading of the con\u00adtents of linked web\u00adsites can\u00adnot be imposed with\u00adout rea\u00adson\u00adable indi\u00adca\u00adtions that there has been a vio\u00adla\u00adtion of law. Ille\u00adgal links will be removed imme\u00addi\u00adate\u00adly at the time we get knowl\u00adedge of&nbsp;them.<\/p>\n<p><strong>Copy\u00adright<br>\n<\/strong><span style=\"font-size: 16px;\">Con\u00adtents and com\u00adpi\u00adla\u00adtions pub\u00adlished on these web\u00adsites by the providers are sub\u00adject to Ger\u00adman copy\u00adright laws. Repro\u00adduc\u00adtion, edit\u00ading, dis\u00adtri\u00adb\u00adu\u00adtion as well as the use of any kind out\u00adside the scope of the copy\u00adright law require a writ\u00adten per\u00admis\u00adsion of the author or orig\u00adi\u00adna\u00adtor. Down\u00adloads and copies of these web\u00adsites are per\u00admit\u00adted for pri\u00advate use&nbsp;only.<\/span><\/p>\n<p>The com\u00admer\u00adcial use of our con\u00adtents with\u00adout per\u00admis\u00adsion of the orig\u00adi\u00adna\u00adtor is prohibited.<\/p>\n<p>Copy\u00adright laws of third par\u00adties are respect\u00aded as long as the con\u00adtents on these web\u00adsites do not orig\u00adi\u00adnate from the provider. Con\u00adtri\u00adbu\u00adtions of third par\u00adties on this site are indi\u00adcat\u00aded as such. How\u00adev\u00ader, if you notice any vio\u00adla\u00adtions of copy\u00adright law, please inform us. Such con\u00adtents will be removed immediately.<\/p>\n<\/div>\n<\/div>\n<\/div>\n<\/div>\n<p>[\/et_pb_text][\/et_pb_column][\/et_pb_row][\/et_pb_section]<\/p>\n","protected":false},"excerpt":{"rendered":"<p>Site Notice Infor\u00adma\u00adtion pur\u00adsuant to \u00a7 5 TMG Eco\u00adnom\u00adic Qual\u00adi\u00adty Con\u00adsult\u00ading GmbH Sch\u00f6n\u00adle\u00adin\u00adstr. 4 97080 W\u00fcrzburg Com\u00admer\u00adcial Reg\u00adis\u00adter: HRB 15428 Reg\u00adis\u00adtra\u00adtion court: Amts\u00adgericht W\u00fcrzburg Rep\u00adre\u00adsent\u00aded by: Mike Helm\u00adchen Con\u00adtact Phone: +49 (0) 176 \/ 34183410&nbsp; E\u2011mail: info@eqc-gmbh.com VAT ID Sales tax iden\u00adti\u00adfi\u00adca\u00adtion num\u00adber accord\u00ading to \u00a7 27 a of the Sales Tax Law: DE285738299 EU&nbsp;[\u2026]<\/p>\n","protected":false},"author":1,"featured_media":0,"parent":0,"menu_order":0,"comment_status":"closed","ping_status":"closed","template":"","meta":{"_et_pb_use_builder":"on","_et_pb_old_content":"","_et_gb_content_width":"","wp_typography_post_enhancements_disabled":false,"footnotes":""},"class_list":["post-9323","page","type-page","status-publish","hentry"],"yoast_head":"<!-- This site is optimized with the Yoast SEO plugin v27.5 - https:\/\/yoast.com\/product\/yoast-seo-wordpress\/ -->\n<title>Imprint - EQC-GmbH<\/title>\n<meta name=\"robots\" content=\"index, follow, max-snippet:-1, max-image-preview:large, max-video-preview:-1\" \/>\n<link rel=\"canonical\" href=\"https:\/\/eqc-gmbh.com\/en\/imprint\/\" \/>\n<meta property=\"og:locale\" content=\"en_US\" \/>\n<meta property=\"og:type\" content=\"article\" \/>\n<meta property=\"og:title\" content=\"Imprint - EQC-GmbH\" \/>\n<meta property=\"og:description\" content=\"Site Notice Information pursuant to \u00a7 5 TMG Economic Quality Consulting GmbH Sch\u00f6nleinstr. 4 97080 W\u00fcrzburg Commercial Register: HRB 15428 Registration court: Amtsgericht W\u00fcrzburg Represented by: Mike Helmchen Contact Phone: +49 (0) 176 \/ 34183410\u00a0 E-mail: info@eqc-gmbh.com VAT ID Sales tax identification number according to \u00a7 27 a of the Sales Tax Law: DE285738299 EU [&hellip;]\" \/>\n<meta property=\"og:url\" content=\"https:\/\/eqc-gmbh.com\/en\/imprint\/\" \/>\n<meta property=\"og:site_name\" content=\"EQC-GmbH\" \/>\n<meta property=\"article:modified_time\" content=\"2022-07-25T19:06:54+00:00\" \/>\n<meta name=\"twitter:card\" content=\"summary_large_image\" \/>\n<meta name=\"twitter:label1\" content=\"Est. reading time\" \/>\n\t<meta name=\"twitter:data1\" content=\"3 minutes\" \/>\n<script type=\"application\/ld+json\" class=\"yoast-schema-graph\">{\"@context\":\"https:\\\/\\\/schema.org\",\"@graph\":[{\"@type\":\"WebPage\",\"@id\":\"https:\\\/\\\/eqc-gmbh.com\\\/en\\\/imprint\\\/\",\"url\":\"https:\\\/\\\/eqc-gmbh.com\\\/en\\\/imprint\\\/\",\"name\":\"Imprint - EQC-GmbH\",\"isPartOf\":{\"@id\":\"https:\\\/\\\/eqc-gmbh.com\\\/#website\"},\"datePublished\":\"2020-01-27T16:01:37+00:00\",\"dateModified\":\"2022-07-25T19:06:54+00:00\",\"breadcrumb\":{\"@id\":\"https:\\\/\\\/eqc-gmbh.com\\\/en\\\/imprint\\\/#breadcrumb\"},\"inLanguage\":\"en-US\",\"potentialAction\":[{\"@type\":\"ReadAction\",\"target\":[\"https:\\\/\\\/eqc-gmbh.com\\\/en\\\/imprint\\\/\"]}]},{\"@type\":\"BreadcrumbList\",\"@id\":\"https:\\\/\\\/eqc-gmbh.com\\\/en\\\/imprint\\\/#breadcrumb\",\"itemListElement\":[{\"@type\":\"ListItem\",\"position\":1,\"name\":\"Startseite\",\"item\":\"https:\\\/\\\/eqc-gmbh.com\\\/en\\\/\"},{\"@type\":\"ListItem\",\"position\":2,\"name\":\"Imprint\"}]},{\"@type\":\"WebSite\",\"@id\":\"https:\\\/\\\/eqc-gmbh.com\\\/#website\",\"url\":\"https:\\\/\\\/eqc-gmbh.com\\\/\",\"name\":\"EQC-GmbH\",\"description\":\"Unternehmensberatung\",\"publisher\":{\"@id\":\"https:\\\/\\\/eqc-gmbh.com\\\/#organization\"},\"potentialAction\":[{\"@type\":\"SearchAction\",\"target\":{\"@type\":\"EntryPoint\",\"urlTemplate\":\"https:\\\/\\\/eqc-gmbh.com\\\/?s={search_term_string}\"},\"query-input\":{\"@type\":\"PropertyValueSpecification\",\"valueRequired\":true,\"valueName\":\"search_term_string\"}}],\"inLanguage\":\"en-US\"},{\"@type\":\"Organization\",\"@id\":\"https:\\\/\\\/eqc-gmbh.com\\\/#organization\",\"name\":\"Economic Quality Consulting GmbH\",\"url\":\"https:\\\/\\\/eqc-gmbh.com\\\/\",\"logo\":{\"@type\":\"ImageObject\",\"inLanguage\":\"en-US\",\"@id\":\"https:\\\/\\\/eqc-gmbh.com\\\/#\\\/schema\\\/logo\\\/image\\\/\",\"url\":\"https:\\\/\\\/eqc-gmbh.com\\\/wp-content\\\/uploads\\\/2020\\\/01\\\/eqc-logo.jpeg\",\"contentUrl\":\"https:\\\/\\\/eqc-gmbh.com\\\/wp-content\\\/uploads\\\/2020\\\/01\\\/eqc-logo.jpeg\",\"width\":2500,\"height\":631,\"caption\":\"Economic Quality Consulting GmbH\"},\"image\":{\"@id\":\"https:\\\/\\\/eqc-gmbh.com\\\/#\\\/schema\\\/logo\\\/image\\\/\"},\"sameAs\":[\"https:\\\/\\\/www.linkedin.com\\\/in\\\/mike-helmchen-a3b09665\",\"https:\\\/\\\/www.xing.com\\\/profile\\\/Mike_Helmchen\\\/cv\"]}]}<\/script>\n<!-- \/ Yoast SEO plugin. -->","yoast_head_json":{"title":"Imprint - EQC-GmbH","robots":{"index":"index","follow":"follow","max-snippet":"max-snippet:-1","max-image-preview":"max-image-preview:large","max-video-preview":"max-video-preview:-1"},"canonical":"https:\/\/eqc-gmbh.com\/en\/imprint\/","og_locale":"en_US","og_type":"article","og_title":"Imprint - EQC-GmbH","og_description":"Site Notice Information pursuant to \u00a7 5 TMG Economic Quality Consulting GmbH Sch\u00f6nleinstr. 4 97080 W\u00fcrzburg Commercial Register: HRB 15428 Registration court: Amtsgericht W\u00fcrzburg Represented by: Mike Helmchen Contact Phone: +49 (0) 176 \/ 34183410\u00a0 E-mail: info@eqc-gmbh.com VAT ID Sales tax identification number according to \u00a7 27 a of the Sales Tax Law: DE285738299 EU [&hellip;]","og_url":"https:\/\/eqc-gmbh.com\/en\/imprint\/","og_site_name":"EQC-GmbH","article_modified_time":"2022-07-25T19:06:54+00:00","twitter_card":"summary_large_image","twitter_misc":{"Est. reading time":"3 minutes"},"schema":{"@context":"https:\/\/schema.org","@graph":[{"@type":"WebPage","@id":"https:\/\/eqc-gmbh.com\/en\/imprint\/","url":"https:\/\/eqc-gmbh.com\/en\/imprint\/","name":"Imprint - EQC-GmbH","isPartOf":{"@id":"https:\/\/eqc-gmbh.com\/#website"},"datePublished":"2020-01-27T16:01:37+00:00","dateModified":"2022-07-25T19:06:54+00:00","breadcrumb":{"@id":"https:\/\/eqc-gmbh.com\/en\/imprint\/#breadcrumb"},"inLanguage":"en-US","potentialAction":[{"@type":"ReadAction","target":["https:\/\/eqc-gmbh.com\/en\/imprint\/"]}]},{"@type":"BreadcrumbList","@id":"https:\/\/eqc-gmbh.com\/en\/imprint\/#breadcrumb","itemListElement":[{"@type":"ListItem","position":1,"name":"Startseite","item":"https:\/\/eqc-gmbh.com\/en\/"},{"@type":"ListItem","position":2,"name":"Imprint"}]},{"@type":"WebSite","@id":"https:\/\/eqc-gmbh.com\/#website","url":"https:\/\/eqc-gmbh.com\/","name":"EQC-GmbH","description":"Unternehmensberatung","publisher":{"@id":"https:\/\/eqc-gmbh.com\/#organization"},"potentialAction":[{"@type":"SearchAction","target":{"@type":"EntryPoint","urlTemplate":"https:\/\/eqc-gmbh.com\/?s={search_term_string}"},"query-input":{"@type":"PropertyValueSpecification","valueRequired":true,"valueName":"search_term_string"}}],"inLanguage":"en-US"},{"@type":"Organization","@id":"https:\/\/eqc-gmbh.com\/#organization","name":"Economic Quality Consulting GmbH","url":"https:\/\/eqc-gmbh.com\/","logo":{"@type":"ImageObject","inLanguage":"en-US","@id":"https:\/\/eqc-gmbh.com\/#\/schema\/logo\/image\/","url":"https:\/\/eqc-gmbh.com\/wp-content\/uploads\/2020\/01\/eqc-logo.jpeg","contentUrl":"https:\/\/eqc-gmbh.com\/wp-content\/uploads\/2020\/01\/eqc-logo.jpeg","width":2500,"height":631,"caption":"Economic Quality Consulting GmbH"},"image":{"@id":"https:\/\/eqc-gmbh.com\/#\/schema\/logo\/image\/"},"sameAs":["https:\/\/www.linkedin.com\/in\/mike-helmchen-a3b09665","https:\/\/www.xing.com\/profile\/Mike_Helmchen\/cv"]}]}},"_links":{"self":[{"href":"https:\/\/eqc-gmbh.com\/en\/wp-json\/wp\/v2\/pages\/9323","targetHints":{"allow":["GET"]}}],"collection":[{"href":"https:\/\/eqc-gmbh.com\/en\/wp-json\/wp\/v2\/pages"}],"about":[{"href":"https:\/\/eqc-gmbh.com\/en\/wp-json\/wp\/v2\/types\/page"}],"author":[{"embeddable":true,"href":"https:\/\/eqc-gmbh.com\/en\/wp-json\/wp\/v2\/users\/1"}],"replies":[{"embeddable":true,"href":"https:\/\/eqc-gmbh.com\/en\/wp-json\/wp\/v2\/comments?post=9323"}],"version-history":[{"count":21,"href":"https:\/\/eqc-gmbh.com\/en\/wp-json\/wp\/v2\/pages\/9323\/revisions"}],"predecessor-version":[{"id":10201,"href":"https:\/\/eqc-gmbh.com\/en\/wp-json\/wp\/v2\/pages\/9323\/revisions\/10201"}],"wp:attachment":[{"href":"https:\/\/eqc-gmbh.com\/en\/wp-json\/wp\/v2\/media?parent=9323"}],"curies":[{"name":"wp","href":"https:\/\/api.w.org\/{rel}","templated":true}]}}